{"id":2217,"date":"2022-06-25T14:06:37","date_gmt":"2022-06-25T11:06:37","guid":{"rendered":"https:\/\/cosimadesign.net\/en\/?post_type=product&#038;p=2217"},"modified":"2022-06-25T14:10:22","modified_gmt":"2022-06-25T11:10:22","slug":"maria-corner","status":"publish","type":"product","link":"https:\/\/cosimadesign.net\/en\/product\/maria-corner\/","title":{"rendered":"MARIA CORNER"},"content":{"rendered":"<p>\u00d6l\u00e7\u00fcs\u00fc = 300 x 240 x 180<\/p>\n","protected":false},"excerpt":{"rendered":"<p>\u00d6l\u00e7\u00fcs\u00fc = 300 x 240 x 180<\/p>\n","protected":false},"featured_media":2304,"template":"","meta":{"om_disable_all_campaigns":false,"inline_featured_image":false,"_mi_skip_tracking":false},"product_cat":[95],"product_tag":[],"aioseo_notices":[],"_links":{"self":[{"href":"https:\/\/cosimadesign.net\/en\/wp-json\/wp\/v2\/product\/2217"}],"collection":[{"href":"https:\/\/cosimadesign.net\/en\/wp-json\/wp\/v2\/product"}],"about":[{"href":"https:\/\/cosimadesign.net\/en\/wp-json\/wp\/v2\/types\/product"}],"wp:featuredmedia":[{"embeddable":true,"href":"https:\/\/cosimadesign.net\/en\/wp-json\/wp\/v2\/media\/2304"}],"wp:attachment":[{"href":"https:\/\/cosimadesign.net\/en\/wp-json\/wp\/v2\/media?parent=2217"}],"wp:term":[{"taxonomy":"product_cat","embeddable":true,"href":"https:\/\/cosimadesign.net\/en\/wp-json\/wp\/v2\/product_cat?post=2217"},{"taxonomy":"product_tag","embeddable":true,"href":"https:\/\/cosimadesign.net\/en\/wp-json\/wp\/v2\/product_tag?post=2217"}],"curies":[{"name":"wp","href":"https:\/\/api.w.org\/{rel}","templated":true}]}}